{"id":10264,"date":"2024-03-26T17:33:30","date_gmt":"2024-03-26T16:33:30","guid":{"rendered":"https:\/\/hansaflexhu.wpenginepowered.com\/dezember-2023\/"},"modified":"2024-04-04T15:16:22","modified_gmt":"2024-04-04T12:16:22","slug":"december-2023","status":"publish","type":"page","link":"https:\/\/hansa-flex.hu\/en\/magazine\/archive\/december-2023\/","title":{"rendered":"December 2023"},"content":{"rendered":"\n<p>Wir freuen uns Ausgabe #204 im Dezember 2023 pr\u00e4sentieren zu k\u00f6nnen! Na, k\u00f6nnen Sie erkennen, was sich auf dem Titelbild verborgen hat? Unten gibt es die Aufl\u00f6sung.<\/p>\n","protected":false},"excerpt":{"rendered":"<p>Wir freuen uns Ausgabe #204 im Dezember 2023 pr\u00e4sentieren zu k\u00f6nnen! Na, k\u00f6nnen Sie erkennen, was sich auf dem Titelbild verborgen hat? Unten gibt es die Aufl\u00f6sung.<\/p>\n","protected":false},"author":3,"featured_media":9430,"parent":10487,"menu_order":0,"comment_status":"closed","ping_status":"closed","template":"","meta":{"_acf_changed":false,"footnotes":""},"class_list":["post-10264","page","type-page","status-publish","has-post-thumbnail","hentry"],"acf":[],"_links":{"self":[{"href":"https:\/\/hansa-flex.hu\/en\/wp-json\/wp\/v2\/pages\/10264","targetHints":{"allow":["GET"]}}],"collection":[{"href":"https:\/\/hansa-flex.hu\/en\/wp-json\/wp\/v2\/pages"}],"about":[{"href":"https:\/\/hansa-flex.hu\/en\/wp-json\/wp\/v2\/types\/page"}],"author":[{"embeddable":true,"href":"https:\/\/hansa-flex.hu\/en\/wp-json\/wp\/v2\/users\/3"}],"replies":[{"embeddable":true,"href":"https:\/\/hansa-flex.hu\/en\/wp-json\/wp\/v2\/comments?post=10264"}],"version-history":[{"count":0,"href":"https:\/\/hansa-flex.hu\/en\/wp-json\/wp\/v2\/pages\/10264\/revisions"}],"up":[{"embeddable":true,"href":"https:\/\/hansa-flex.hu\/en\/wp-json\/wp\/v2\/pages\/10487"}],"wp:featuredmedia":[{"embeddable":true,"href":"https:\/\/hansa-flex.hu\/en\/wp-json\/wp\/v2\/media\/9430"}],"wp:attachment":[{"href":"https:\/\/hansa-flex.hu\/en\/wp-json\/wp\/v2\/media?parent=10264"}],"curies":[{"name":"wp","href":"https:\/\/api.w.org\/{rel}","templated":true}]}}