{"id":10441,"date":"2024-03-23T14:54:50","date_gmt":"2024-03-23T13:54:50","guid":{"rendered":"https:\/\/hansaflexhu.wpenginepowered.com\/services\/preventative-maintenance\/hose-management\/x-code-manager\/lizenzen\/"},"modified":"2024-04-11T07:01:19","modified_gmt":"2024-04-11T04:01:19","slug":"licences","status":"publish","type":"page","link":"https:\/\/hansa-flex.hu\/en\/services\/preventative-maintenance\/hose-management\/x-code-manager\/licences\/","title":{"rendered":"Licences"},"content":{"rendered":"\n<p>Nutzen Sie den X-CODE Manager im Kundenportal My.HANSA\u2011FLEX f\u00fcr das intelligente und komfortable Management Ihrer hydraulischen Schlauchleitungen und aller anderen Bauteile, die regelm\u00e4\u00dfig gepr\u00fcft, gewartet und ersetzt werden m\u00fcssen. Optimieren Sie die Ersatzteilbeschaffung f\u00fcr diese Artikel mit dem unverwechselbaren X-CODE von HANSA\u2011FLEX und gestalten Sie mit dem X-CODE Manager Ihre individuelle Instandhaltungs-Datenbank.<\/p>\n","protected":false},"excerpt":{"rendered":"<p>Nutzen Sie den X-CODE Manager im Kundenportal My.HANSA\u2011FLEX f\u00fcr das intelligente und komfortable Management Ihrer hydraulischen Schlauchleitungen und aller anderen Bauteile, die regelm\u00e4\u00dfig gepr\u00fcft, gewartet und ersetzt werden m\u00fcssen. Optimieren Sie die Ersatzteilbeschaffung f\u00fcr diese Artikel mit dem unverwechselbaren X-CODE von HANSA\u2011FLEX und gestalten Sie mit dem X-CODE Manager Ihre individuelle Instandhaltungs-Datenbank.<\/p>\n","protected":false},"author":3,"featured_media":8879,"parent":10013,"menu_order":0,"comment_status":"closed","ping_status":"closed","template":"","meta":{"_acf_changed":false,"footnotes":""},"class_list":["post-10441","page","type-page","status-publish","has-post-thumbnail","hentry"],"acf":[],"_links":{"self":[{"href":"https:\/\/hansa-flex.hu\/en\/wp-json\/wp\/v2\/pages\/10441","targetHints":{"allow":["GET"]}}],"collection":[{"href":"https:\/\/hansa-flex.hu\/en\/wp-json\/wp\/v2\/pages"}],"about":[{"href":"https:\/\/hansa-flex.hu\/en\/wp-json\/wp\/v2\/types\/page"}],"author":[{"embeddable":true,"href":"https:\/\/hansa-flex.hu\/en\/wp-json\/wp\/v2\/users\/3"}],"replies":[{"embeddable":true,"href":"https:\/\/hansa-flex.hu\/en\/wp-json\/wp\/v2\/comments?post=10441"}],"version-history":[{"count":0,"href":"https:\/\/hansa-flex.hu\/en\/wp-json\/wp\/v2\/pages\/10441\/revisions"}],"up":[{"embeddable":true,"href":"https:\/\/hansa-flex.hu\/en\/wp-json\/wp\/v2\/pages\/10013"}],"wp:featuredmedia":[{"embeddable":true,"href":"https:\/\/hansa-flex.hu\/en\/wp-json\/wp\/v2\/media\/8879"}],"wp:attachment":[{"href":"https:\/\/hansa-flex.hu\/en\/wp-json\/wp\/v2\/media?parent=10441"}],"curies":[{"name":"wp","href":"https:\/\/api.w.org\/{rel}","templated":true}]}}