{"id":9476,"date":"2024-03-02T16:16:53","date_gmt":"2024-03-02T15:16:53","guid":{"rendered":"https:\/\/hansaflexhu.wpenginepowered.com\/homepage\/"},"modified":"2024-05-19T23:17:22","modified_gmt":"2024-05-19T21:17:22","slug":"homepage","status":"publish","type":"page","link":"https:\/\/hansa-flex.hu\/en\/","title":{"rendered":"Your system partner for hydraulics"},"content":{"rendered":"\n<p>HANSA-FLEX \u2013 Ihr Experte f\u00fcr Hydraulik und Fluidtechnik. Entdecken Sie ma\u00dfgeschneiderte L\u00f6sungen f\u00fcr Ihre individuellen Anforderungen.<\/p>\n","protected":false},"excerpt":{"rendered":"<p>HANSA-FLEX \u2013 Ihr Experte f\u00fcr Hydraulik und Fluidtechnik. Entdecken Sie ma\u00dfgeschneiderte L\u00f6sungen f\u00fcr Ihre individuellen Anforderungen.<\/p>\n","protected":false},"author":1,"featured_media":8183,"parent":0,"menu_order":0,"comment_status":"closed","ping_status":"closed","template":"","meta":{"_acf_changed":true,"footnotes":""},"class_list":["post-9476","page","type-page","status-publish","has-post-thumbnail","hentry"],"acf":[],"_links":{"self":[{"href":"https:\/\/hansa-flex.hu\/en\/wp-json\/wp\/v2\/pages\/9476","targetHints":{"allow":["GET"]}}],"collection":[{"href":"https:\/\/hansa-flex.hu\/en\/wp-json\/wp\/v2\/pages"}],"about":[{"href":"https:\/\/hansa-flex.hu\/en\/wp-json\/wp\/v2\/types\/page"}],"author":[{"embeddable":true,"href":"https:\/\/hansa-flex.hu\/en\/wp-json\/wp\/v2\/users\/1"}],"replies":[{"embeddable":true,"href":"https:\/\/hansa-flex.hu\/en\/wp-json\/wp\/v2\/comments?post=9476"}],"version-history":[{"count":0,"href":"https:\/\/hansa-flex.hu\/en\/wp-json\/wp\/v2\/pages\/9476\/revisions"}],"wp:featuredmedia":[{"embeddable":true,"href":"https:\/\/hansa-flex.hu\/en\/wp-json\/wp\/v2\/media\/8183"}],"wp:attachment":[{"href":"https:\/\/hansa-flex.hu\/en\/wp-json\/wp\/v2\/media?parent=9476"}],"curies":[{"name":"wp","href":"https:\/\/api.w.org\/{rel}","templated":true}]}}